{"id":45,"date":"2026-03-06T13:08:31","date_gmt":"2026-03-06T13:08:31","guid":{"rendered":"https:\/\/vuoksi.aikomarketing.fi\/index.php\/home\/"},"modified":"2026-04-27T19:25:46","modified_gmt":"2026-04-27T19:25:46","slug":"home","status":"publish","type":"page","link":"https:\/\/vuoksi.aikomarketing.fi\/","title":{"rendered":"Home"},"content":{"rendered":"\t\t<div data-elementor-type=\"wp-page\" data-elementor-id=\"45\" class=\"elementor elementor-45\" data-elementor-post-type=\"page\">\n\t\t\t\t<div class=\"elementor-element elementor-element-175e8fc9 e-flex e-con-boxed e-con e-parent\" data-id=\"175e8fc9\" data-element_type=\"container\" data-e-type=\"container\">\n\t\t\t\t\t<div class=\"e-con-inner\">\n\t\t\t\t<div class=\"elementor-element elementor-element-7d7eedb elementor-hidden-widescreen elementor-hidden-desktop elementor-hidden-laptop elementor-hidden-tablet_extra elementor-hidden-tablet elementor-hidden-mobile_extra elementor-widget elementor-widget-spacer\" data-id=\"7d7eedb\" data-element_type=\"widget\" data-e-type=\"widget\" data-widget_type=\"spacer.default\">\n\t\t\t\t\t\t\t<div class=\"elementor-spacer\">\n\t\t\t<div class=\"elementor-spacer-inner\"><\/div>\n\t\t<\/div>\n\t\t\t\t\t\t<\/div>\n\t\t\t\t<div class=\"elementor-element elementor-element-1f94f07c elementor-widget elementor-widget-heading\" data-id=\"1f94f07c\" data-element_type=\"widget\" data-e-type=\"widget\" data-widget_type=\"heading.default\">\n\t\t\t\t\t<h1 class=\"elementor-heading-title elementor-size-default\">Saimaan Vesiliikenne<\/h1>\t\t\t\t<\/div>\n\t\t<div class=\"elementor-element elementor-element-8c81e85 e-con-full e-flex e-con e-child\" data-id=\"8c81e85\" data-element_type=\"container\" data-e-type=\"container\">\n\t\t<div class=\"elementor-element elementor-element-dd095e9 e-con-full e-flex e-con e-child\" data-id=\"dd095e9\" data-element_type=\"container\" data-e-type=\"container\">\n\t\t<div class=\"elementor-element elementor-element-ea6a51a e-con-full e-flex e-con e-child\" data-id=\"ea6a51a\" data-element_type=\"container\" data-e-type=\"container\">\n\t\t\t\t<div class=\"elementor-element elementor-element-c3158b5 elementor-widget elementor-widget-text-editor\" data-id=\"c3158b5\" data-element_type=\"widget\" data-e-type=\"widget\" data-widget_type=\"text-editor.default\">\n\t\t\t\t\t\t\t\t\t<p><span class=\"a_GcMg font-feature-liga-off font-feature-clig-off font-feature-calt-off text-decoration-none text-strikethrough-none\">Vesill\u00e4, mutta t\u00e4ysin kartalla<\/span><\/p>\t\t\t\t\t\t\t\t<\/div>\n\t\t\t\t<div class=\"elementor-element elementor-element-0927d1c elementor-widget elementor-widget-spacer\" data-id=\"0927d1c\" data-element_type=\"widget\" data-e-type=\"widget\" data-widget_type=\"spacer.default\">\n\t\t\t\t\t\t\t<div class=\"elementor-spacer\">\n\t\t\t<div class=\"elementor-spacer-inner\"><\/div>\n\t\t<\/div>\n\t\t\t\t\t\t<\/div>\n\t\t\t\t<div class=\"elementor-element elementor-element-7438823 elementor-cta--skin-classic elementor-animated-content elementor-bg-transform elementor-bg-transform-zoom-in elementor-widget elementor-widget-call-to-action\" data-id=\"7438823\" data-element_type=\"widget\" data-e-type=\"widget\" data-widget_type=\"call-to-action.default\">\n\t\t\t\t\t\t\t<div class=\"elementor-cta\">\n\t\t\t\t\t<div class=\"elementor-cta__bg-wrapper\">\n\t\t\t\t<div class=\"elementor-cta__bg elementor-bg\" style=\"background-image: url(https:\/\/vuoksi.aikomarketing.fi\/wp-content\/uploads\/2026\/03\/Rahtilaiva-demo-kuva.jpg);\" role=\"img\" aria-label=\"Rahtilaiva demo kuva\"><\/div>\n\t\t\t\t<div class=\"elementor-cta__bg-overlay\"><\/div>\n\t\t\t<\/div>\n\t\t\t\t\t\t\t<div class=\"elementor-cta__content\">\n\t\t\t\t\n\t\t\t\t\t\t\t\t\t<h2 class=\"elementor-cta__title elementor-cta__content-item elementor-content-item\">\n\t\t\t\t\t\tSaimaan vesiliikenteest\u00e4\t\t\t\t\t<\/h2>\n\t\t\t\t\n\t\t\t\t\t\t\t\t\t<div class=\"elementor-cta__description elementor-cta__content-item elementor-content-item\">\n\t\t\t\t\t\tSuomen suurin j\u00e4rvimaisema k\u00e4tkee sis\u00e4\u00e4ns\u00e4 vilkkaan ja monipuolisen vesiliikenteen verkoston, joka palvelee niin huviveneilij\u00f6it\u00e4, rahtialuksia kuin risteilyvieraitakin.\t\t\t\t\t<\/div>\n\t\t\t\t\n\t\t\t\t\t\t\t\t\t<div class=\"elementor-cta__button-wrapper elementor-cta__content-item elementor-content-item \">\n\t\t\t\t\t<a class=\"elementor-cta__button elementor-button elementor-size-\" href=\"https:\/\/vuoksi.aikomarketing.fi\/index.php\/saimaan-vesiliikenteesta\/\">\n\t\t\t\t\t\tKlikkaa t\u00e4st\u00e4\t\t\t\t\t<\/a>\n\t\t\t\t\t<\/div>\n\t\t\t\t\t\t\t<\/div>\n\t\t\t\t\t\t<\/div>\n\t\t\t\t\t\t<\/div>\n\t\t\t\t<div class=\"elementor-element elementor-element-12375bf elementor-widget elementor-widget-spacer\" data-id=\"12375bf\" data-element_type=\"widget\" data-e-type=\"widget\" data-widget_type=\"spacer.default\">\n\t\t\t\t\t\t\t<div class=\"elementor-spacer\">\n\t\t\t<div class=\"elementor-spacer-inner\"><\/div>\n\t\t<\/div>\n\t\t\t\t\t\t<\/div>\n\t\t<div class=\"elementor-element elementor-element-5b16c47 e-con-full e-flex e-con e-child\" data-id=\"5b16c47\" data-element_type=\"container\" data-e-type=\"container\">\n\t\t\t\t<div class=\"elementor-element elementor-element-bea4e2d elementor-cta--skin-classic elementor-animated-content elementor-bg-transform elementor-bg-transform-zoom-in elementor-widget elementor-widget-call-to-action\" data-id=\"bea4e2d\" data-element_type=\"widget\" data-e-type=\"widget\" data-widget_type=\"call-to-action.default\">\n\t\t\t\t\t\t\t<div class=\"elementor-cta\">\n\t\t\t\t\t<div class=\"elementor-cta__bg-wrapper\">\n\t\t\t\t<div class=\"elementor-cta__bg elementor-bg\" style=\"background-image: url(https:\/\/vuoksi.aikomarketing.fi\/wp-content\/uploads\/2026\/03\/Satama-demokuva-1024x572.jpg);\" role=\"img\" aria-label=\"Satama demokuva\"><\/div>\n\t\t\t\t<div class=\"elementor-cta__bg-overlay\"><\/div>\n\t\t\t<\/div>\n\t\t\t\t\t\t\t<div class=\"elementor-cta__content\">\n\t\t\t\t\n\t\t\t\t\t\t\t\t\t<h2 class=\"elementor-cta__title elementor-cta__content-item elementor-content-item\">\n\t\t\t\t\t\tSaimaan Satamista\t\t\t\t\t<\/h2>\n\t\t\t\t\n\t\t\t\t\t\t\t\t\t<div class=\"elementor-cta__description elementor-cta__content-item elementor-content-item\">\n\t\t\t\t\t\tSaimaan rannattomilta tuntuvat sel\u00e4t ja tuhannet saaret k\u00e4tkev\u00e4t rannoilleen laajan verkoston toinen toistaan upeampia satamia. Etsitp\u00e4 sitten vilkkaan kes\u00e4kaupungin tunnelmaa, historiallisia kanavamilj\u00f6it\u00e4 tai luonnonrauhan ymp\u00e4r\u00f6im\u00e4\u00e4 suojaisaa poukamaa, Saimaalta l\u00f6ytyy t\u00e4ydellinen kiinnittymispaikka jokaiselle reitille.\t\t\t\t\t<\/div>\n\t\t\t\t\n\t\t\t\t\t\t\t\t\t<div class=\"elementor-cta__button-wrapper elementor-cta__content-item elementor-content-item \">\n\t\t\t\t\t<a class=\"elementor-cta__button elementor-button elementor-size-\" href=\"https:\/\/vuoksi.aikomarketing.fi\/index.php\/satamat\/\">\n\t\t\t\t\t\tKilkkaa t\u00e4st\u00e4\t\t\t\t\t<\/a>\n\t\t\t\t\t<\/div>\n\t\t\t\t\t\t\t<\/div>\n\t\t\t\t\t\t<\/div>\n\t\t\t\t\t\t<\/div>\n\t\t\t\t<div class=\"elementor-element elementor-element-3a49164 elementor-widget elementor-widget-spacer\" data-id=\"3a49164\" data-element_type=\"widget\" data-e-type=\"widget\" data-widget_type=\"spacer.default\">\n\t\t\t\t\t\t\t<div class=\"elementor-spacer\">\n\t\t\t<div class=\"elementor-spacer-inner\"><\/div>\n\t\t<\/div>\n\t\t\t\t\t\t<\/div>\n\t\t\t\t<div class=\"elementor-element elementor-element-c15a900 elementor-cta--skin-classic elementor-animated-content elementor-bg-transform elementor-bg-transform-zoom-in elementor-widget elementor-widget-call-to-action\" data-id=\"c15a900\" data-element_type=\"widget\" data-e-type=\"widget\" data-widget_type=\"call-to-action.default\">\n\t\t\t\t\t\t\t<div class=\"elementor-cta\">\n\t\t\t\t\t<div class=\"elementor-cta__bg-wrapper\">\n\t\t\t\t<div class=\"elementor-cta__bg elementor-bg\" style=\"background-image: url(https:\/\/vuoksi.aikomarketing.fi\/wp-content\/uploads\/2026\/04\/tugboat-demo-2-1024x577.png);\" role=\"img\" aria-label=\"tugboat demo (2)\"><\/div>\n\t\t\t\t<div class=\"elementor-cta__bg-overlay\"><\/div>\n\t\t\t<\/div>\n\t\t\t\t\t\t\t<div class=\"elementor-cta__content\">\n\t\t\t\t\n\t\t\t\t\t\t\t\t\t<h2 class=\"elementor-cta__title elementor-cta__content-item elementor-content-item\">\n\t\t\t\t\t\tSaimaan operaattoreista\t\t\t\t\t<\/h2>\n\t\t\t\t\n\t\t\t\t\t\t\t\t\t<div class=\"elementor-cta__description elementor-cta__content-item elementor-content-item\">\n\t\t\t\t\t\tSaimaalla ja sen satamissa toimii paljon operaattoreita valmiina auttamaan sinua.\t\t\t\t\t<\/div>\n\t\t\t\t\n\t\t\t\t\t\t\t\t\t<div class=\"elementor-cta__button-wrapper elementor-cta__content-item elementor-content-item \">\n\t\t\t\t\t<a class=\"elementor-cta__button elementor-button elementor-size-\" href=\"https:\/\/vuoksi.aikomarketing.fi\/index.php\/contact\/\">\n\t\t\t\t\t\tKilkkaa t\u00e4st\u00e4\t\t\t\t\t<\/a>\n\t\t\t\t\t<\/div>\n\t\t\t\t\t\t\t<\/div>\n\t\t\t\t\t\t<\/div>\n\t\t\t\t\t\t<\/div>\n\t\t\t\t<\/div>\n\t\t\t\t<\/div>\n\t\t\t\t<\/div>\n\t\t\t\t<\/div>\n\t\t\t\t\t<\/div>\n\t\t\t\t<\/div>\n\t\t<div class=\"elementor-element elementor-element-ebd28cb e-flex e-con-boxed e-con e-parent\" data-id=\"ebd28cb\" data-element_type=\"container\" data-e-type=\"container\">\n\t\t\t\t\t<div class=\"e-con-inner\">\n\t\t\t\t<div class=\"elementor-element elementor-element-05a6c87 elementor-widget elementor-widget-spacer\" data-id=\"05a6c87\" data-element_type=\"widget\" data-e-type=\"widget\" data-widget_type=\"spacer.default\">\n\t\t\t\t\t\t\t<div class=\"elementor-spacer\">\n\t\t\t<div class=\"elementor-spacer-inner\"><\/div>\n\t\t<\/div>\n\t\t\t\t\t\t<\/div>\n\t\t\t\t\t<\/div>\n\t\t\t\t<\/div>\n\t\t<div class=\"elementor-element elementor-element-7abb172 e-flex e-con-boxed e-con e-parent\" data-id=\"7abb172\" data-element_type=\"container\" data-e-type=\"container\">\n\t\t\t\t\t<div class=\"e-con-inner\">\n\t\t\t\t\t<\/div>\n\t\t\t\t<\/div>\n\t\t\t\t<\/div>\n\t\t","protected":false},"excerpt":{"rendered":"<p>Saimaan Vesiliikenne Vesill\u00e4, mutta t\u00e4ysin kartalla Saimaan vesiliikenteest\u00e4 Suomen suurin j\u00e4rvimaisema k\u00e4tkee sis\u00e4\u00e4ns\u00e4 vilkkaan ja monipuolisen vesiliikenteen verkoston, joka palvelee niin huviveneilij\u00f6it\u00e4, rahtialuksia kuin risteilyvieraitakin. Klikkaa t\u00e4st\u00e4 Saimaan Satamista Saimaan rannattomilta tuntuvat sel\u00e4t ja tuhannet saaret k\u00e4tkev\u00e4t rannoilleen laajan verkoston toinen toistaan upeampia satamia. Etsitp\u00e4 sitten vilkkaan kes\u00e4kaupungin tunnelmaa, historiallisia kanavamilj\u00f6it\u00e4 tai luonnonrauhan ymp\u00e4r\u00f6im\u00e4\u00e4 suojaisaa [&hellip;]<\/p>\n","protected":false},"author":1,"featured_media":48,"parent":0,"menu_order":0,"comment_status":"closed","ping_status":"closed","template":"elementor_header_footer","meta":{"_angie_page":false,"footnotes":""},"class_list":["post-45","page","type-page","status-publish","has-post-thumbnail","hentry"],"_links":{"self":[{"href":"https:\/\/vuoksi.aikomarketing.fi\/index.php\/wp-json\/wp\/v2\/pages\/45","targetHints":{"allow":["GET"]}}],"collection":[{"href":"https:\/\/vuoksi.aikomarketing.fi\/index.php\/wp-json\/wp\/v2\/pages"}],"about":[{"href":"https:\/\/vuoksi.aikomarketing.fi\/index.php\/wp-json\/wp\/v2\/types\/page"}],"author":[{"embeddable":true,"href":"https:\/\/vuoksi.aikomarketing.fi\/index.php\/wp-json\/wp\/v2\/users\/1"}],"replies":[{"embeddable":true,"href":"https:\/\/vuoksi.aikomarketing.fi\/index.php\/wp-json\/wp\/v2\/comments?post=45"}],"version-history":[{"count":133,"href":"https:\/\/vuoksi.aikomarketing.fi\/index.php\/wp-json\/wp\/v2\/pages\/45\/revisions"}],"predecessor-version":[{"id":562,"href":"https:\/\/vuoksi.aikomarketing.fi\/index.php\/wp-json\/wp\/v2\/pages\/45\/revisions\/562"}],"wp:featuredmedia":[{"embeddable":true,"href":"https:\/\/vuoksi.aikomarketing.fi\/index.php\/wp-json\/wp\/v2\/media\/48"}],"wp:attachment":[{"href":"https:\/\/vuoksi.aikomarketing.fi\/index.php\/wp-json\/wp\/v2\/media?parent=45"}],"curies":[{"name":"wp","href":"https:\/\/api.w.org\/{rel}","templated":true}]}}