{"id":322,"date":"2026-04-06T09:34:05","date_gmt":"2026-04-06T09:34:05","guid":{"rendered":"https:\/\/vuoksi.aikomarketing.fi\/?page_id=322"},"modified":"2026-04-25T11:45:21","modified_gmt":"2026-04-25T11:45:21","slug":"saimaan-vesiliikenteesta","status":"publish","type":"page","link":"https:\/\/vuoksi.aikomarketing.fi\/index.php\/saimaan-vesiliikenteesta\/","title":{"rendered":"Saimaan Vesiliikenteest\u00e4"},"content":{"rendered":"\t\t<div data-elementor-type=\"wp-page\" data-elementor-id=\"322\" class=\"elementor elementor-322\" data-elementor-post-type=\"page\">\n\t\t\t\t<div class=\"elementor-element elementor-element-994e604 e-flex e-con-boxed e-con e-parent\" data-id=\"994e604\" data-element_type=\"container\" data-e-type=\"container\">\n\t\t\t\t\t<div class=\"e-con-inner\">\n\t\t<div class=\"elementor-element elementor-element-6aabbc31 e-con-full e-flex e-con e-child\" data-id=\"6aabbc31\" data-element_type=\"container\" data-e-type=\"container\">\n\t\t\t\t<div class=\"elementor-element elementor-element-3e62de4d elementor-widget elementor-widget-image\" data-id=\"3e62de4d\" data-element_type=\"widget\" data-e-type=\"widget\" data-widget_type=\"image.default\">\n\t\t\t\t\t\t\t\t\t\t\t\t\t\t\t<img fetchpriority=\"high\" decoding=\"async\" width=\"800\" height=\"800\" src=\"https:\/\/vuoksi.aikomarketing.fi\/wp-content\/uploads\/2026\/03\/SAIMAASISAVESISTO-7-1024x1024.png\" class=\"attachment-large size-large wp-image-291\" alt=\"\" srcset=\"https:\/\/vuoksi.aikomarketing.fi\/wp-content\/uploads\/2026\/03\/SAIMAASISAVESISTO-7-1024x1024.png 1024w, https:\/\/vuoksi.aikomarketing.fi\/wp-content\/uploads\/2026\/03\/SAIMAASISAVESISTO-7-300x300.png 300w, https:\/\/vuoksi.aikomarketing.fi\/wp-content\/uploads\/2026\/03\/SAIMAASISAVESISTO-7-150x150.png 150w, https:\/\/vuoksi.aikomarketing.fi\/wp-content\/uploads\/2026\/03\/SAIMAASISAVESISTO-7-768x768.png 768w, https:\/\/vuoksi.aikomarketing.fi\/wp-content\/uploads\/2026\/03\/SAIMAASISAVESISTO-7-1536x1536.png 1536w, https:\/\/vuoksi.aikomarketing.fi\/wp-content\/uploads\/2026\/03\/SAIMAASISAVESISTO-7.png 2000w\" sizes=\"(max-width: 800px) 100vw, 800px\" \/>\t\t\t\t\t\t\t\t\t\t\t\t\t\t\t<\/div>\n\t\t\t\t<\/div>\n\t\t<div class=\"elementor-element elementor-element-171941e0 e-con-full e-flex e-con e-child\" data-id=\"171941e0\" data-element_type=\"container\" data-e-type=\"container\">\n\t\t\t\t<div class=\"elementor-element elementor-element-723aebad elementor-widget elementor-widget-heading\" data-id=\"723aebad\" data-element_type=\"widget\" data-e-type=\"widget\" data-widget_type=\"heading.default\">\n\t\t\t\t\t<h1 class=\"elementor-heading-title elementor-size-default\">Saimaa<\/h1>\t\t\t\t<\/div>\n\t\t\t\t<div class=\"elementor-element elementor-element-381a37e8 elementor-widget elementor-widget-text-editor\" data-id=\"381a37e8\" data-element_type=\"widget\" data-e-type=\"widget\" data-widget_type=\"text-editor.default\">\n\t\t\t\t\t\t\t\t\t<p>A short paragraph describing your company\u2019s goals or mission statement. This section is meant to help visitors understand the purpose of your business.<\/p><p>Lorem ipsum elementum tempus egestas sed sed. Eget nullam non nisi est sit amet facilisis magna. Venenatis cras sed felis eget velit aliquet sagittis id consectetur. Ipsum dolor sit amet consectetur adipiscing. Magna sit amet purus gravida quis. Praesent tristique magna sit amet purus. Turpis nunc eget lorem dolor sed. Dui id ornare arcu odio ut.<\/p>\t\t\t\t\t\t\t\t<\/div>\n\t\t\t\t<\/div>\n\t\t\t\t\t<\/div>\n\t\t\t\t<\/div>\n\t\t<div class=\"elementor-element elementor-element-ceb00e5 e-flex e-con-boxed e-con e-parent\" data-id=\"ceb00e5\" data-element_type=\"container\" data-e-type=\"container\">\n\t\t\t\t\t<div class=\"e-con-inner\">\n\t\t<div class=\"elementor-element elementor-element-41a6c806 e-con-full e-flex e-con e-child\" data-id=\"41a6c806\" data-element_type=\"container\" data-e-type=\"container\">\n\t\t\t\t<div class=\"elementor-element elementor-element-7adf67b8 elementor-widget elementor-widget-heading\" data-id=\"7adf67b8\" data-element_type=\"widget\" data-e-type=\"widget\" data-widget_type=\"heading.default\">\n\t\t\t\t\t<h2 class=\"elementor-heading-title elementor-size-default\">Why Choose Us<\/h2>\t\t\t\t<\/div>\n\t\t\t\t<div class=\"elementor-element elementor-element-3280b893 elementor-widget elementor-widget-text-editor\" data-id=\"3280b893\" data-element_type=\"widget\" data-e-type=\"widget\" data-widget_type=\"text-editor.default\">\n\t\t\t\t\t\t\t\t\t<p>A short paragraph describing what your service offers and how it helps clients. This is your chance to convince the visitor that your business is the right choice for them.<\/p>\t\t\t\t\t\t\t\t<\/div>\n\t\t\t\t<\/div>\n\t\t<div class=\"elementor-element elementor-element-635997dd e-con-full e-flex e-con e-child\" data-id=\"635997dd\" data-element_type=\"container\" data-e-type=\"container\">\n\t\t\t\t<div class=\"elementor-element elementor-element-a6e0a00 elementor-widget elementor-widget-image\" data-id=\"a6e0a00\" data-element_type=\"widget\" data-e-type=\"widget\" data-widget_type=\"image.default\">\n\t\t\t\t\t\t\t\t\t\t\t\t\t\t\t<img fetchpriority=\"high\" decoding=\"async\" width=\"800\" height=\"800\" src=\"https:\/\/vuoksi.aikomarketing.fi\/wp-content\/uploads\/2026\/03\/SAIMAASISAVESISTO-7-1024x1024.png\" class=\"attachment-large size-large wp-image-291\" alt=\"\" srcset=\"https:\/\/vuoksi.aikomarketing.fi\/wp-content\/uploads\/2026\/03\/SAIMAASISAVESISTO-7-1024x1024.png 1024w, https:\/\/vuoksi.aikomarketing.fi\/wp-content\/uploads\/2026\/03\/SAIMAASISAVESISTO-7-300x300.png 300w, https:\/\/vuoksi.aikomarketing.fi\/wp-content\/uploads\/2026\/03\/SAIMAASISAVESISTO-7-150x150.png 150w, https:\/\/vuoksi.aikomarketing.fi\/wp-content\/uploads\/2026\/03\/SAIMAASISAVESISTO-7-768x768.png 768w, https:\/\/vuoksi.aikomarketing.fi\/wp-content\/uploads\/2026\/03\/SAIMAASISAVESISTO-7-1536x1536.png 1536w, https:\/\/vuoksi.aikomarketing.fi\/wp-content\/uploads\/2026\/03\/SAIMAASISAVESISTO-7.png 2000w\" sizes=\"(max-width: 800px) 100vw, 800px\" \/>\t\t\t\t\t\t\t\t\t\t\t\t\t\t\t<\/div>\n\t\t\t\t<\/div>\n\t\t\t\t\t<\/div>\n\t\t\t\t<\/div>\n\t\t<div class=\"elementor-element elementor-element-0c5e720 e-flex e-con-boxed e-con e-parent\" data-id=\"0c5e720\" data-element_type=\"container\" data-e-type=\"container\">\n\t\t\t\t\t<div class=\"e-con-inner\">\n\t\t<div class=\"elementor-element elementor-element-0ff26b7 e-con-full e-flex e-con e-child\" data-id=\"0ff26b7\" data-element_type=\"container\" data-e-type=\"container\">\n\t\t\t\t<div class=\"elementor-element elementor-element-e64fe49 elementor-hidden-widescreen elementor-hidden-desktop elementor-hidden-laptop elementor-hidden-tablet_extra elementor-hidden-tablet elementor-hidden-mobile_extra elementor-widget elementor-widget-heading\" data-id=\"e64fe49\" data-element_type=\"widget\" data-e-type=\"widget\" data-widget_type=\"heading.default\">\n\t\t\t\t\t<h2 class=\"elementor-heading-title elementor-size-default\">T\u00e4m\u00e4 n\u00e4kyy vain puhelimella<\/h2>\t\t\t\t<\/div>\n\t\t\t\t<div class=\"elementor-element elementor-element-17358c2 elementor-hidden-widescreen elementor-hidden-desktop elementor-hidden-laptop elementor-hidden-tablet_extra elementor-hidden-tablet elementor-hidden-mobile_extra elementor-widget elementor-widget-text-editor\" data-id=\"17358c2\" data-element_type=\"widget\" data-e-type=\"widget\" data-widget_type=\"text-editor.default\">\n\t\t\t\t\t\t\t\t\t<p>T\u00e4m\u00e4 on vain puhelinta varten<\/p>\t\t\t\t\t\t\t\t<\/div>\n\t\t\t\t<div class=\"elementor-element elementor-element-96205f1 elementor-widget elementor-widget-image\" data-id=\"96205f1\" data-element_type=\"widget\" data-e-type=\"widget\" data-widget_type=\"image.default\">\n\t\t\t\t\t\t\t\t\t\t\t\t\t\t\t<img fetchpriority=\"high\" decoding=\"async\" width=\"800\" height=\"800\" src=\"https:\/\/vuoksi.aikomarketing.fi\/wp-content\/uploads\/2026\/03\/SAIMAASISAVESISTO-7-1024x1024.png\" class=\"attachment-large size-large wp-image-291\" alt=\"\" srcset=\"https:\/\/vuoksi.aikomarketing.fi\/wp-content\/uploads\/2026\/03\/SAIMAASISAVESISTO-7-1024x1024.png 1024w, https:\/\/vuoksi.aikomarketing.fi\/wp-content\/uploads\/2026\/03\/SAIMAASISAVESISTO-7-300x300.png 300w, https:\/\/vuoksi.aikomarketing.fi\/wp-content\/uploads\/2026\/03\/SAIMAASISAVESISTO-7-150x150.png 150w, https:\/\/vuoksi.aikomarketing.fi\/wp-content\/uploads\/2026\/03\/SAIMAASISAVESISTO-7-768x768.png 768w, https:\/\/vuoksi.aikomarketing.fi\/wp-content\/uploads\/2026\/03\/SAIMAASISAVESISTO-7-1536x1536.png 1536w, https:\/\/vuoksi.aikomarketing.fi\/wp-content\/uploads\/2026\/03\/SAIMAASISAVESISTO-7.png 2000w\" sizes=\"(max-width: 800px) 100vw, 800px\" \/>\t\t\t\t\t\t\t\t\t\t\t\t\t\t\t<\/div>\n\t\t\t\t<\/div>\n\t\t<div class=\"elementor-element elementor-element-aae58a6 e-con-full e-flex e-con e-child\" data-id=\"aae58a6\" data-element_type=\"container\" data-e-type=\"container\">\n\t\t\t\t<div class=\"elementor-element elementor-element-bc153e4 elementor-hidden-mobile_extra elementor-hidden-mobile elementor-widget elementor-widget-heading\" data-id=\"bc153e4\" data-element_type=\"widget\" data-e-type=\"widget\" data-widget_type=\"heading.default\">\n\t\t\t\t\t<h2 class=\"elementor-heading-title elementor-size-default\">Why Choose Us<\/h2>\t\t\t\t<\/div>\n\t\t\t\t<div class=\"elementor-element elementor-element-8b2b8d3 elementor-hidden-mobile_extra elementor-hidden-mobile elementor-widget elementor-widget-text-editor\" data-id=\"8b2b8d3\" data-element_type=\"widget\" data-e-type=\"widget\" data-widget_type=\"text-editor.default\">\n\t\t\t\t\t\t\t\t\t<p>A short paragraph describing what your service offers and how it helps clients. This is your chance to convince the visitor that your business is the right choice for them.<\/p>\t\t\t\t\t\t\t\t<\/div>\n\t\t\t\t<\/div>\n\t\t\t\t\t<\/div>\n\t\t\t\t<\/div>\n\t\t<div class=\"elementor-element elementor-element-a500197 e-flex e-con-boxed e-con e-parent\" data-id=\"a500197\" data-element_type=\"container\" data-e-type=\"container\">\n\t\t\t\t\t<div class=\"e-con-inner\">\n\t\t\t\t<div class=\"elementor-element elementor-element-87e4838 elementor-widget elementor-widget-spacer\" data-id=\"87e4838\" data-element_type=\"widget\" data-e-type=\"widget\" data-widget_type=\"spacer.default\">\n\t\t\t\t\t\t\t<div class=\"elementor-spacer\">\n\t\t\t<div class=\"elementor-spacer-inner\"><\/div>\n\t\t<\/div>\n\t\t\t\t\t\t<\/div>\n\t\t\t\t\t<\/div>\n\t\t\t\t<\/div>\n\t\t\t\t<\/div>\n\t\t","protected":false},"excerpt":{"rendered":"<p>Saimaa A short paragraph describing your company\u2019s goals or mission statement. This section is meant to help visitors understand the purpose of your business. Lorem ipsum elementum tempus egestas sed sed. Eget nullam non nisi est sit amet facilisis magna. Venenatis cras sed felis eget velit aliquet sagittis id consectetur. Ipsum dolor sit amet consectetur [&hellip;]<\/p>\n","protected":false},"author":1,"featured_media":0,"parent":0,"menu_order":0,"comment_status":"closed","ping_status":"closed","template":"","meta":{"_angie_page":false,"footnotes":""},"class_list":["post-322","page","type-page","status-publish","hentry"],"_links":{"self":[{"href":"https:\/\/vuoksi.aikomarketing.fi\/index.php\/wp-json\/wp\/v2\/pages\/322","targetHints":{"allow":["GET"]}}],"collection":[{"href":"https:\/\/vuoksi.aikomarketing.fi\/index.php\/wp-json\/wp\/v2\/pages"}],"about":[{"href":"https:\/\/vuoksi.aikomarketing.fi\/index.php\/wp-json\/wp\/v2\/types\/page"}],"author":[{"embeddable":true,"href":"https:\/\/vuoksi.aikomarketing.fi\/index.php\/wp-json\/wp\/v2\/users\/1"}],"replies":[{"embeddable":true,"href":"https:\/\/vuoksi.aikomarketing.fi\/index.php\/wp-json\/wp\/v2\/comments?post=322"}],"version-history":[{"count":40,"href":"https:\/\/vuoksi.aikomarketing.fi\/index.php\/wp-json\/wp\/v2\/pages\/322\/revisions"}],"predecessor-version":[{"id":497,"href":"https:\/\/vuoksi.aikomarketing.fi\/index.php\/wp-json\/wp\/v2\/pages\/322\/revisions\/497"}],"wp:attachment":[{"href":"https:\/\/vuoksi.aikomarketing.fi\/index.php\/wp-json\/wp\/v2\/media?parent=322"}],"curies":[{"name":"wp","href":"https:\/\/api.w.org\/{rel}","templated":true}]}}